{"id":13,"date":"2015-06-08T14:19:14","date_gmt":"2015-06-08T14:19:14","guid":{"rendered":"http:\/\/kuhanen-translations.com\/?page_id=13"},"modified":"2015-12-15T19:04:14","modified_gmt":"2015-12-15T19:04:14","slug":"ubersetzung","status":"publish","type":"page","link":"https:\/\/kuhanen-translations.com\/de\/","title":{"rendered":"Kuhanen Translations"},"content":{"rendered":"<div class=\"wpb-content-wrapper\"><p>[vc_row][vc_column][lab_text_autotype typed_text=&#8220;#E-8_RmFjaCVDMyVCQ2JlcnNldHp1bmclMjAlM0NzcGFuJTIwY2xhc3MlM0QlMjJibG9jayUyMiUzRSUyQXZvbSUyMERldXRzY2hlbiUzQiUyMHZvbSUyMEVuZ2xpc2NoZW4lM0IlMjBpbnMlMjBGaW5uaXNjaGUlMjAlMkElM0MlMkZzcGFuJTNF&#8220;][\/vc_column][\/vc_row][vc_row][vc_column][vc_column_text]<\/p>\n<h1>Professionelle \u00dcbersetzungen vom deutschen und englischen ins finnische<\/h1>\n<p>Sie haben ein tolles neues Produkt, eine Idee oder Vision? Sie wollen damit den finnischen Markt erreichen und die Neuigkeiten verbreiten? Ich unterst\u00fctze Sie gern dabei. Ich \u00fcbersetze f\u00fcr Sie Ihre Produktbeschreibungen und Marketingunterlagen, Brosch\u00fcren und Flyer, oder auch Websites, Onlineshops und Software.<\/p>\n<p>Oder wollen Sie Ihre finnischen Mitarbeiter schulen und die Kunden mit Ihrem Angebot vertraut machen? Bei mir sind Sie richtig f\u00fcr die \u00dcbersetzung von Schulungs- und Pr\u00e4sentationsmaterials. Auch Installationsanweisungen und Bedienungsanleitungen f\u00fcr Maschinen und elektronische Steuerungen, egal ob zum Einsatz in der Industrie, im B\u00fcro, in Krankenh\u00e4usern oder Schulen oder beim Endverbraucher f\u00fcr Haushalt oder Hobby sind bei mir ebenfalls in guten H\u00e4nden. Mit meiner Unterst\u00fctzung kommunizieren Sie in gutem, nat\u00fcrlich flie\u00dfendem Finnisch, so dass Ihre Botschaft ankommt.[\/vc_column_text][\/vc_column][\/vc_row][vc_row][vc_column css=&#8220;.vc_custom_1434373312834{margin-bottom: 30px !important;}&#8220;][vc_separator color=&#8220;white&#8220; border_width=&#8220;2&#8243;][\/vc_column][\/vc_row][vc_row][vc_column width=&#8220;1\/2&#8243; reveal_effect=&#8220;fadeInLeft&#8220;][lab_service_box css=&#8220;.vc_custom_1433804829222{margin-right: 10px !important;margin-left: 10px !important;}&#8220;][vc_icon icon_linea=&#8220;icon-basic-laptop&#8220; size=&#8220;xl&#8220; align=&#8220;center&#8220;][lab_service_box_content text_alignment=&#8220;center&#8220; title=&#8220;Internet und Mobilfunk&#8220; description=&#8220;Websites und Onlineshops, Software und Apps, Buchungsplattformen und Banking-Portale &#8220; css=&#8220;.vc_custom_1436473801385{padding-bottom: 30px !important;}&#8220;][\/lab_service_box][\/vc_column][vc_column width=&#8220;1\/2&#8243; reveal_effect=&#8220;fadeInRight&#8220;][lab_service_box css=&#8220;.vc_custom_1433804870998{margin-right: 10px !important;margin-left: 10px !important;}&#8220;][vc_icon icon_linea=&#8220;icon-basic-gear&#8220; size=&#8220;xl&#8220; align=&#8220;center&#8220;][lab_service_box_content text_alignment=&#8220;center&#8220; title=&#8220;Maschinen und Mechanik&#8220; description=&#8220;Automobil \u2013 Autos, Motorr\u00e4der, LKWs und Nutzfahrzeuge, Werkzeugmaschinen und Pr\u00e4zisionsinstrumente, Installationsanweisungen und Bedienungsanleitungen&#8220;][\/lab_service_box][\/vc_column][\/vc_row][vc_row css=&#8220;.vc_custom_1436551845142{margin-bottom: 10px !important;}&#8220;][vc_column width=&#8220;1\/2&#8243; reveal_effect=&#8220;fadeInLeft&#8220;][lab_service_box css=&#8220;.vc_custom_1433804585734{margin-right: 10px !important;margin-bottom: 10px !important;margin-left: 10px !important;}&#8220;][vc_icon icon_linea=&#8220;icon-basic-paperplane&#8220; size=&#8220;xl&#8220; align=&#8220;center&#8220;][lab_service_box_content text_alignment=&#8220;center&#8220; title=&#8220;Marketing und Kommunikation&#8220; description=&#8220;Marketing und Werbung, Produktlokalisierung, Kampagnen und Umfragen, Weiterbildung und Schulungen&#8220; css=&#8220;.vc_custom_1436473879709{padding-bottom: 30px !important;}&#8220;][\/lab_service_box][\/vc_column][vc_column width=&#8220;1\/2&#8243; reveal_effect=&#8220;fadeInRight&#8220;][lab_service_box css=&#8220;.vc_custom_1433804592718{margin-right: 10px !important;margin-bottom: 10px !important;margin-left: 10px !important;}&#8220;][vc_icon icon_linea=&#8220;icon-basic-bolt&#8220; size=&#8220;xl&#8220; align=&#8220;center&#8220;][lab_service_box_content text_alignment=&#8220;center&#8220; title=&#8220;Elektronik&#8220; description=&#8220;Heim und Industrie, Krankenhaus- und Medizintechnik, Sicherheitsanlagen&#8220;][\/lab_service_box][\/vc_column][\/vc_row][vc_row css=&#8220;.vc_custom_1436551855500{margin-bottom: 0px !important;}&#8220;][vc_column css=&#8220;.vc_custom_1434373312834{margin-bottom: 30px !important;}&#8220;][vc_separator color=&#8220;white&#8220; border_width=&#8220;2&#8243;][\/vc_column][\/vc_row][vc_row][vc_column][vc_column_text]<\/p>\n<h2>Weitere Fachbereiche<\/h2>\n<p>Ich habe langj\u00e4hrige \u00dcbersetzungserfahrung in folgenden weiteren Bereichen: Bekleidung, Konsumg\u00fcter, Umwelt, Lebensmittel und Getr\u00e4nke, Haushaltsger\u00e4te, internationale Politik und Entwicklungsarbeit (UN, EU), Logistik, Materialwirtschaft, Messtechnik, Ern\u00e4hrung, Orthop\u00e4die, Fotografie, Sozial- und Humanwissenschaften, Sport und Freizeit, Tourismus und Reisen.<\/p>\n<p>Ihr Text betrifft keinen dieser Bereiche? Fragen Sie mich trotzdem gern! Ich selbst nehme nur Auftr\u00e4ge an, zu denen ich Ihnen eine hervorragende \u00dcbersetzung liefern werde. Aber ich arbeite mit einem gro\u00dfen Netzwerk von Finnisch-Fach\u00fcbersetzern zusammen, so dass ich Ihnen sicherlich eine geeignete L\u00f6sung anbieten kann.[\/vc_column_text][\/vc_column][\/vc_row]<\/p>\n<\/div>","protected":false},"excerpt":{"rendered":"<p>[vc_row][vc_column][lab_text_autotype typed_text=&#8220;#E-8_RmFjaCVDMyVCQ2JlcnNldHp1bmclMjAlM0NzcGFuJTIwY2xhc3MlM0QlMjJibG9jayUyMiUzRSUyQXZvbSUyMERldXRzY2hlbiUzQiUyMHZvbSUyMEVuZ2xpc2NoZW4lM0IlMjBpbnMlMjBGaW5uaXNjaGUlMjAlMkElM0MlMkZzcGFuJTNF&#8220;][\/vc_column][\/vc_row][vc_row][vc_column][vc_column_text] Professionelle \u00dcbersetzungen vom deutschen und englischen ins finnische Sie haben ein tolles neues Produkt, eine Idee oder Vision? Sie wollen damit den finnischen Markt erreichen und die Neuigkeiten verbreiten? Ich unterst\u00fctze Sie gern dabei. Ich \u00fcbersetze f\u00fcr Sie Ihre Produktbeschreibungen und Marketingunterlagen, Brosch\u00fcren und Flyer, oder auch Websites, Onlineshops und Software. Oder wollen&hellip;<\/p>\n","protected":false},"author":1,"featured_media":0,"parent":0,"menu_order":0,"comment_status":"open","ping_status":"open","template":"","meta":{"_acf_changed":false,"footnotes":""},"class_list":["post-13","page","type-page","status-publish","hentry"],"acf":[],"_links":{"self":[{"href":"https:\/\/kuhanen-translations.com\/de\/wp-json\/wp\/v2\/pages\/13","targetHints":{"allow":["GET"]}}],"collection":[{"href":"https:\/\/kuhanen-translations.com\/de\/wp-json\/wp\/v2\/pages"}],"about":[{"href":"https:\/\/kuhanen-translations.com\/de\/wp-json\/wp\/v2\/types\/page"}],"author":[{"embeddable":true,"href":"https:\/\/kuhanen-translations.com\/de\/wp-json\/wp\/v2\/users\/1"}],"replies":[{"embeddable":true,"href":"https:\/\/kuhanen-translations.com\/de\/wp-json\/wp\/v2\/comments?post=13"}],"version-history":[{"count":26,"href":"https:\/\/kuhanen-translations.com\/de\/wp-json\/wp\/v2\/pages\/13\/revisions"}],"predecessor-version":[{"id":589,"href":"https:\/\/kuhanen-translations.com\/de\/wp-json\/wp\/v2\/pages\/13\/revisions\/589"}],"wp:attachment":[{"href":"https:\/\/kuhanen-translations.com\/de\/wp-json\/wp\/v2\/media?parent=13"}],"curies":[{"name":"wp","href":"https:\/\/api.w.org\/{rel}","templated":true}]}}