{"id":374,"date":"2015-07-09T19:05:52","date_gmt":"2015-07-09T19:05:52","guid":{"rendered":"http:\/\/kuhanen-translations.com\/?page_id=374"},"modified":"2023-04-05T13:41:52","modified_gmt":"2023-04-05T13:41:52","slug":"kontakt-fur-ubersetzung-ins-finnische","status":"publish","type":"page","link":"https:\/\/kuhanen-translations.com\/de\/kontakt-fur-ubersetzung-ins-finnische\/","title":{"rendered":"Kontakt f\u00fcr \u00dcbersetzung ins Finnische"},"content":{"rendered":"<div class=\"wpb-content-wrapper\"><p>[vc_row][vc_column][lab_text_autotype typed_text=&#8220;#E-8_JTNDc3BhbiUyMGNsYXNzJTNEJTIyYmxvY2slMjIlM0UlMkElMjBLb250YWt0aWVyZW4lMjBTaWUlMjBtaWNoJTJBJTNDJTJGc3BhbiUzRQ==&#8220; typed_show_options=&#8220;yes&#8220; typed_options_typespeed=&#8220;100&#8243; typed_options_backspeed=&#8220;50&#8243; typed_options_startdelay=&#8220;300&#8243;][\/vc_column][\/vc_row][vc_row][vc_column][vc_column_text]<\/p>\n<h1>Kontakt<\/h1>\n<p>Schreiben Sie mir einfach eine E-Mail (gern mit den Dateien, um die es geht), oder verwenden Sie das Formular unten. Ich antworte Ihnen schnellst m\u00f6glich. Sie k\u00f6nnen mich auch anrufen \u2013 mobil oder \u00fcber Skype. Sie erreichen mich in der Regel zu den \u00fcblichen B\u00fcrozeiten deutscher Zeit.[\/vc_column_text][\/vc_column][\/vc_row][vc_row][vc_column css=&#8220;.vc_custom_1434435084152{margin-bottom: 20px !important;}&#8220;][vc_separator color=&#8220;white&#8220; border_width=&#8220;2&#8243;][\/vc_column][\/vc_row][vc_row][vc_column width=&#8220;1\/3&#8243;][vc_column_text]<\/p>\n<h3>Kuhanen Translations<\/h3>\n<p>Lari Kuhanen<br \/>\nTannenweg 6<br \/>\n22869 Schenefeld<br \/>\nDeutschland[\/vc_column_text][vc_separator color=&#8220;white&#8220; border_width=&#8220;2&#8243;][vc_icon icon_linea=&#8220;icon-basic-smartphone&#8220; el_class=&#8220;float-left&#8220; css=&#8220;.vc_custom_1680702094103{padding-top: 10px !important;}&#8220;][vc_column_text]+49 173 152 1251[\/vc_column_text][vc_separator color=&#8220;white&#8220; border_width=&#8220;2&#8243;][vc_icon type=&#8220;fontawesome&#8220; icon_fontawesome=&#8220;fab fa-skype&#8220; el_class=&#8220;float-left&#8220; css=&#8220;.vc_custom_1680702102089{padding-top: 10px !important;}&#8220;][vc_column_text]lari_kuhanen[\/vc_column_text][vc_separator color=&#8220;white&#8220; border_width=&#8220;2&#8243;][vc_icon icon_linea=&#8220;icon-basic-mail&#8220; el_class=&#8220;float-left&#8220; css=&#8220;.vc_custom_1680702109660{padding-top: 10px !important;}&#8220;][vc_column_text]contact(at)kuhanen-translations.com[\/vc_column_text][vc_separator color=&#8220;white&#8220; border_width=&#8220;2&#8243;][\/vc_column][vc_column width=&#8220;2\/3&#8243;]\n<div class=\"wpcf7 no-js\" id=\"wpcf7-f629-o1\" lang=\"en-US\" dir=\"ltr\" data-wpcf7-id=\"629\">\n<div class=\"screen-reader-response\"><p role=\"status\" aria-live=\"polite\" aria-atomic=\"true\"><\/p> <ul><\/ul><\/div>\n<form action=\"\/de\/wp-json\/wp\/v2\/pages\/374#wpcf7-f629-o1\" method=\"post\" class=\"wpcf7-form init wpcf7-acceptance-as-validation\" aria-label=\"Contact form\" novalidate=\"novalidate\" data-status=\"init\">\n<fieldset class=\"hidden-fields-container\"><input type=\"hidden\" name=\"_wpcf7\" value=\"629\" \/><input type=\"hidden\" name=\"_wpcf7_version\" value=\"6.1.5\" \/><input type=\"hidden\" name=\"_wpcf7_locale\" value=\"en_US\" \/><input type=\"hidden\" name=\"_wpcf7_unit_tag\" value=\"wpcf7-f629-o1\" \/><input type=\"hidden\" name=\"_wpcf7_container_post\" value=\"0\" \/><input type=\"hidden\" name=\"_wpcf7_posted_data_hash\" value=\"\" \/>\n<\/fieldset>\n<p><label> Ihr Name (required)<br \/>\n<span class=\"wpcf7-form-control-wrap\" data-name=\"your-name\"><input size=\"40\" maxlength=\"400\" class=\"wpcf7-form-control wpcf7-text wpcf7-validates-as-required\" aria-required=\"true\" aria-invalid=\"false\" value=\"\" type=\"text\" name=\"your-name\" \/><\/span> <\/label><br \/>\n<span id=\"wpcf7-69d0e12c7c3fb-wrapper\" class=\"wpcf7-form-control-wrap email-wrap\" ><label for=\"wpcf7-69d0e12c7c3fb-field\" class=\"hp-message\">Please leave this field empty.<\/label><input id=\"wpcf7-69d0e12c7c3fb-field\"  class=\"wpcf7-form-control wpcf7-text\" type=\"text\" name=\"email\" value=\"\" size=\"40\" tabindex=\"-1\" autocomplete=\"new-password\" \/><\/span><br \/>\n<label> Ihre Email (required)<br \/>\n<span class=\"wpcf7-form-control-wrap\" data-name=\"your-email\"><input size=\"40\" maxlength=\"400\" class=\"wpcf7-form-control wpcf7-email wpcf7-validates-as-required wpcf7-text wpcf7-validates-as-email\" aria-required=\"true\" aria-invalid=\"false\" value=\"\" type=\"email\" name=\"your-email\" \/><\/span> <\/label>\n<\/p>\n<p><label> Betreff<br \/>\n<span class=\"wpcf7-form-control-wrap\" data-name=\"your-subject\"><input size=\"40\" maxlength=\"400\" class=\"wpcf7-form-control wpcf7-text\" aria-invalid=\"false\" value=\"\" type=\"text\" name=\"your-subject\" \/><\/span> <\/label>\n<\/p>\n<p><label> Ihre Nachricht<br \/>\n<span class=\"wpcf7-form-control-wrap\" data-name=\"your-message\"><textarea cols=\"40\" rows=\"10\" maxlength=\"2000\" class=\"wpcf7-form-control wpcf7-textarea\" aria-invalid=\"false\" name=\"your-message\"><\/textarea><\/span> <\/label>\n<\/p>\n<p><span class=\"wpcf7-form-control-wrap\" data-name=\"acceptance-230\"><span class=\"wpcf7-form-control wpcf7-acceptance\"><span class=\"wpcf7-list-item\"><label><input type=\"checkbox\" name=\"acceptance-230\" value=\"1\" aria-invalid=\"false\" \/><span class=\"wpcf7-list-item-label\">Ich stimme zu, dass meine Angaben aus dem Kontaktformular zur Beantwortung meiner Anfrage erhoben und verarbeitet werden. Die Daten werden nach abgeschlossener Bearbeitung Ihrer Anfrage gel\u00f6scht. Hinweis: Sie k\u00f6nnen Ihre Einwilligung jederzeit f\u00fcr die Zukunft per E-Mail an con&#116;&#97;&#99;&#116;&#x40;&#x6b;&#x75;&#x68;&#x61;&#x6e;&#x65;n-t&#114;&#97;&#110;&#115;&#108;&#x61;&#x74;&#x69;&#x6f;&#x6e;&#x73;&#46;com widerrufen.<\/span><\/label><\/span><\/span><\/span>\n<\/p>\n<p><input class=\"wpcf7-form-control wpcf7-submit has-spinner\" type=\"submit\" value=\"Senden\" \/>\n<\/p><div class=\"wpcf7-response-output\" aria-hidden=\"true\"><\/div>\n<\/form>\n<\/div>\n[\/vc_column][\/vc_row]<\/p>\n<\/div>","protected":false},"excerpt":{"rendered":"<p>[vc_row][vc_column][lab_text_autotype typed_text=&#8220;#E-8_JTNDc3BhbiUyMGNsYXNzJTNEJTIyYmxvY2slMjIlM0UlMkElMjBLb250YWt0aWVyZW4lMjBTaWUlMjBtaWNoJTJBJTNDJTJGc3BhbiUzRQ==&#8220; typed_show_options=&#8220;yes&#8220; typed_options_typespeed=&#8220;100&#8243; typed_options_backspeed=&#8220;50&#8243; typed_options_startdelay=&#8220;300&#8243;][\/vc_column][\/vc_row][vc_row][vc_column][vc_column_text] Kontakt Schreiben Sie mir einfach eine E-Mail (gern mit den Dateien, um die es geht), oder verwenden Sie das Formular unten. Ich antworte Ihnen schnellst m\u00f6glich. Sie k\u00f6nnen mich auch anrufen \u2013 mobil oder \u00fcber Skype. Sie erreichen mich in der Regel zu den \u00fcblichen B\u00fcrozeiten deutscher Zeit.[\/vc_column_text][\/vc_column][\/vc_row][vc_row][vc_column css=&#8220;.vc_custom_1434435084152{margin-bottom:&hellip;<\/p>\n","protected":false},"author":1,"featured_media":0,"parent":0,"menu_order":0,"comment_status":"open","ping_status":"open","template":"","meta":{"_acf_changed":false,"footnotes":""},"class_list":["post-374","page","type-page","status-publish","hentry"],"acf":[],"_links":{"self":[{"href":"https:\/\/kuhanen-translations.com\/de\/wp-json\/wp\/v2\/pages\/374","targetHints":{"allow":["GET"]}}],"collection":[{"href":"https:\/\/kuhanen-translations.com\/de\/wp-json\/wp\/v2\/pages"}],"about":[{"href":"https:\/\/kuhanen-translations.com\/de\/wp-json\/wp\/v2\/types\/page"}],"author":[{"embeddable":true,"href":"https:\/\/kuhanen-translations.com\/de\/wp-json\/wp\/v2\/users\/1"}],"replies":[{"embeddable":true,"href":"https:\/\/kuhanen-translations.com\/de\/wp-json\/wp\/v2\/comments?post=374"}],"version-history":[{"count":16,"href":"https:\/\/kuhanen-translations.com\/de\/wp-json\/wp\/v2\/pages\/374\/revisions"}],"predecessor-version":[{"id":753,"href":"https:\/\/kuhanen-translations.com\/de\/wp-json\/wp\/v2\/pages\/374\/revisions\/753"}],"wp:attachment":[{"href":"https:\/\/kuhanen-translations.com\/de\/wp-json\/wp\/v2\/media?parent=374"}],"curies":[{"name":"wp","href":"https:\/\/api.w.org\/{rel}","templated":true}]}}