{"id":377,"date":"2015-07-09T19:10:32","date_gmt":"2015-07-09T19:10:32","guid":{"rendered":"http:\/\/kuhanen-translations.com\/?page_id=377"},"modified":"2018-09-14T05:37:00","modified_gmt":"2018-09-14T05:37:00","slug":"leistung-und-preise","status":"publish","type":"page","link":"https:\/\/kuhanen-translations.com\/de\/leistung-und-preise\/","title":{"rendered":"Leistung und Preise"},"content":{"rendered":"<div class=\"wpb-content-wrapper\"><p>[vc_row][vc_column][lab_text_autotype typed_text=&#8220;#E-8_JTNDc3BhbiUyMGNsYXNzJTNEJTIyYmxvY2slMjIlM0UlMkFIb2Nod2VydGlnZSUyMEFyYmVpdCUzQiUyMEVpbiUyMGd1dGVzJTIwUHJlaXMtTGVpc3R1bmdzLVZlcmglQzMlQTRsdG5pcyUzQiUyMEVpbmUlMjBwJUMzJUJDbmt0bGljaGUlMjBMaWVmZXJ1bmclMkElM0MlMkZzcGFuJTNF&#8220;][\/vc_column][\/vc_row][vc_row][vc_column][vc_column_text]<\/p>\n<h1>Professionelle \u00dcbersetzungen zu einem wettbewerbsf\u00e4higen Preis<\/h1>\n<p>Ich biete meine Arbeit zu einem angemessenen und markt\u00fcblichen Preis an. Messen Sie mich an der Qualit\u00e4t meiner \u00dcbersetzung \u2013 nicht am niedrigsten Preis oder an der k\u00fcrzesten Bearbeitungsdauer.[\/vc_column_text][\/vc_column][\/vc_row][vc_row][vc_column css=&#8220;.vc_custom_1434439757212{margin-bottom: 20px !important;}&#8220;][vc_separator color=&#8220;white&#8220; border_width=&#8220;2&#8243;][\/vc_column][\/vc_row][vc_row][vc_column width=&#8220;1\/2&#8243;][lab_service_box css=&#8220;.vc_custom_1434439697312{margin-top: 25px !important;margin-right: 10px !important;margin-left: 10px !important;}&#8220;][vc_icon icon_linea=&#8220;icon-ecommerce-euro&#8220; size=&#8220;xl&#8220; align=&#8220;center&#8220;][lab_service_box_content text_alignment=&#8220;center&#8220; title=&#8220;Was kostet eine \u00dcbersetzung?&#8220; description=&#8220;Der Preis einer \u00dcbersetzung h\u00e4ngt von verschiedenen Faktoren ab \u2013 Komplexit\u00e4t, Stil, Qualit\u00e4t, Dateiformat und Umfang des Originals. Den zentralen Slogan oder ein Wortspiel in der Zielsprache auf den Punkt zu bringen kann l\u00e4nger dauern als die \u00dcbersetzung eines Info-Blattes. Ein spezialisiertes technisches Dokument kann zwar kurz sein, aber damit die \u00dcbersetzung vollkommen stimmt kann eine intensive Recherche und eine zweite Pr\u00fcfung n\u00f6tig sein. Meine Preise beginnen bei 0,14 Euro pro Wort im Ausgangstext; ich berechne einen Mindestbetrag von 20 Euro pro Projekt.&#8220;][\/lab_service_box][\/vc_column][vc_column width=&#8220;1\/2&#8243;][lab_service_box css=&#8220;.vc_custom_1434439705701{margin-top: 25px !important;margin-right: 10px !important;margin-left: 10px !important;}&#8220;][vc_icon icon_linea=&#8220;icon-basic-clessidre&#8220; size=&#8220;xl&#8220; align=&#8220;center&#8220;][lab_service_box_content text_alignment=&#8220;center&#8220; title=&#8220;Wie lange dauert eine \u00dcbersetzung?&#8220; description=&#8220;\u00dcblicherweise kalkuliere ich pro Arbeitstag f\u00fcr \u00dcbersetzungen mit etwa 2000 W\u00f6rtern im Ausgangstext und f\u00fcr Korrekturlesen mit etwa 4000 W\u00f6rtern. (Zur Anschauung: Diese Seite enth\u00e4lt etwa 300 W\u00f6rter.) Das Lieferdatum h\u00e4ngt zum einen von meiner Auslastung ab, zum anderen selbstverst\u00e4ndlich davon, wie eilig Ihr Projekt ist. Bei sehr eiligen Auftr\u00e4gen berechne ich mitunter einen Zuschlag. Sollten Sie ein gr\u00f6\u00dferes Projekt haben, stelle ich gern ein Team zusammen; ich \u00fcbernehme dann Koordination und abschlie\u00dfendes Korrekturlesen des gesamten Projektes.&#8220;][\/lab_service_box][\/vc_column][\/vc_row][vc_row][vc_column][vc_separator color=&#8220;white&#8220; border_width=&#8220;2&#8243;][\/vc_column][\/vc_row][vc_row][vc_column width=&#8220;1\/3&#8243;][vc_column_text]<\/p>\n<h2>Individuelle Preise<\/h2>\n<p>Lassen Sie sich ein Angebot erstellen. Am schnellsten geht es, wenn Sie mir Ihre Dateien mailen. Sie k\u00f6nnen nat\u00fcrlich sicher sein: Alle Ihre Daten behandle ich mit gr\u00f6\u00dfter Vertraulichkeit. Bitte nennen Sie bei Ihrer Anfrage auch gleich den gew\u00fcnschten Liefertermin.[\/vc_column_text][lab_button title=&#8220;Individuelles Angebot anfordern&#8220; type=&#8220;standard&#8220; link=&#8220;url:http%3A%2F%2Fkuhanen-translations.com%2Fde%2Fkontakt-fur-ubersetzung-ins-finnische%2F||&#8220;][\/vc_column][vc_column width=&#8220;2\/3&#8243;][vc_progress_bar values=&#8220;90|Werkzeugmaschine \u2013 Installationshandbuch,80|Sicherheitsdatenblatt,75|Durchschnitt,70|Konsumelektronik-Software,60|Marketingkorrespondenz&#8220; title=&#8220;Preisbeispiele&#8220;][\/vc_column][\/vc_row][vc_row][vc_column][vc_separator color=&#8220;white&#8220; border_width=&#8220;2&#8243;][\/vc_column][\/vc_row]<\/p>\n<\/div>","protected":false},"excerpt":{"rendered":"<p>[vc_row][vc_column][lab_text_autotype typed_text=&#8220;#E-8_JTNDc3BhbiUyMGNsYXNzJTNEJTIyYmxvY2slMjIlM0UlMkFIb2Nod2VydGlnZSUyMEFyYmVpdCUzQiUyMEVpbiUyMGd1dGVzJTIwUHJlaXMtTGVpc3R1bmdzLVZlcmglQzMlQTRsdG5pcyUzQiUyMEVpbmUlMjBwJUMzJUJDbmt0bGljaGUlMjBMaWVmZXJ1bmclMkElM0MlMkZzcGFuJTNF&#8220;][\/vc_column][\/vc_row][vc_row][vc_column][vc_column_text] Professionelle \u00dcbersetzungen zu einem wettbewerbsf\u00e4higen Preis Ich biete meine Arbeit zu einem angemessenen und markt\u00fcblichen Preis an. Messen Sie mich an der Qualit\u00e4t meiner \u00dcbersetzung \u2013 nicht am niedrigsten Preis oder an der k\u00fcrzesten Bearbeitungsdauer.[\/vc_column_text][\/vc_column][\/vc_row][vc_row][vc_column css=&#8220;.vc_custom_1434439757212{margin-bottom: 20px !important;}&#8220;][vc_separator color=&#8220;white&#8220; border_width=&#8220;2&#8243;][\/vc_column][\/vc_row][vc_row][vc_column width=&#8220;1\/2&#8243;][lab_service_box css=&#8220;.vc_custom_1434439697312{margin-top: 25px !important;margin-right: 10px !important;margin-left: 10px !important;}&#8220;][vc_icon icon_linea=&#8220;icon-ecommerce-euro&#8220; size=&#8220;xl&#8220; align=&#8220;center&#8220;][lab_service_box_content text_alignment=&#8220;center&#8220; title=&#8220;Was&hellip;<\/p>\n","protected":false},"author":1,"featured_media":0,"parent":0,"menu_order":0,"comment_status":"open","ping_status":"open","template":"","meta":{"_acf_changed":false,"footnotes":""},"class_list":["post-377","page","type-page","status-publish","hentry"],"acf":[],"_links":{"self":[{"href":"https:\/\/kuhanen-translations.com\/de\/wp-json\/wp\/v2\/pages\/377","targetHints":{"allow":["GET"]}}],"collection":[{"href":"https:\/\/kuhanen-translations.com\/de\/wp-json\/wp\/v2\/pages"}],"about":[{"href":"https:\/\/kuhanen-translations.com\/de\/wp-json\/wp\/v2\/types\/page"}],"author":[{"embeddable":true,"href":"https:\/\/kuhanen-translations.com\/de\/wp-json\/wp\/v2\/users\/1"}],"replies":[{"embeddable":true,"href":"https:\/\/kuhanen-translations.com\/de\/wp-json\/wp\/v2\/comments?post=377"}],"version-history":[{"count":12,"href":"https:\/\/kuhanen-translations.com\/de\/wp-json\/wp\/v2\/pages\/377\/revisions"}],"predecessor-version":[{"id":706,"href":"https:\/\/kuhanen-translations.com\/de\/wp-json\/wp\/v2\/pages\/377\/revisions\/706"}],"wp:attachment":[{"href":"https:\/\/kuhanen-translations.com\/de\/wp-json\/wp\/v2\/media?parent=377"}],"curies":[{"name":"wp","href":"https:\/\/api.w.org\/{rel}","templated":true}]}}