{"id":15,"date":"2015-06-08T14:20:32","date_gmt":"2015-06-08T14:20:32","guid":{"rendered":"http:\/\/kuhanen-translations.com\/?page_id=15"},"modified":"2015-08-14T14:44:44","modified_gmt":"2015-08-14T14:44:44","slug":"kaannos","status":"publish","type":"page","link":"https:\/\/kuhanen-translations.com\/fi\/","title":{"rendered":"Kuhanen Translations"},"content":{"rendered":"<div class=\"wpb-content-wrapper\"><p>[vc_row][vc_column][lab_text_autotype 0=&#8221;typed_text=&#8221;&#8221; 1=&#8221;K\u00e4\u00e4nn\u00f6kset&#8221; 2=&#8221;<span\" 3=\"class=``&#96;&#96;block&#96;&#96;``>*&#8221; 4=&#8221;englanti\u2013suomi;&#8221; 5=&#8221;saksa\u2013suomi;&#8221; 6=&#8221;ammattitaitoisesti&#8221; 7=&#8221;*<\/span>&#8221;&#8221; typed_text=&#8221;K\u00e4\u00e4nn\u00f6kset <span class=``block``>* englanti\u2013suomi; saksa\u2013suomi; ammattitaitoisesti *<\/span><br \/>\n&#8221; typed_show_options=&#8221;yes&#8221; typed_options_typespeed=&#8221;100&#8243; typed_options_backspeed=&#8221;50&#8243; typed_options_startdelay=&#8221;300&#8243; class=&#8221;&#8221;block&#8221;&#8221;][\/vc_column][\/vc_row][vc_row][vc_column][vc_column_text]<\/p>\n<h1>Ensiluokkaiset k\u00e4\u00e4nn\u00f6kset englannista ja saksasta suomeen<\/h1>\n<p>Onko sinulla loistava uusi tuote, idea tai visio, jonka haluat saattaa suomenkielisen kohderyhm\u00e4si tietoon? Kotoistan tuotekuvauksesi ja k\u00e4\u00e4nn\u00e4n markkinointimateriaalisi \u2013 mainokset, esitteet, kuvastot ja lenn\u00e4kit \u2013 sek\u00e4 internetsivusi, verkkokauppasi ja sovelluksesi.<\/p>\n<p>Ehk\u00e4 etsit k\u00e4\u00e4nt\u00e4j\u00e4\u00e4 uuden j\u00e4rjestelm\u00e4n, laitteen tai yksik\u00f6n koulutusmateriaalille. Olet oikeassa osoitteessa! K\u00e4\u00e4nn\u00e4n my\u00f6s koneiden ja elektronisten laitteiden ja j\u00e4rjestelmien asennus- ja k\u00e4ytt\u00f6oppaat teollisuudelle, klinikoille ja oppilaitoksille sek\u00e4 yksityiseen kotik\u00e4ytt\u00f6\u00f6n. Luon siltaa englannin- ja saksankielisten toimijoiden ja suomalaisten yhteisty\u00f6kumppanien v\u00e4lille ja autan varmistamaan, ett\u00e4 viestisi menee perille.[\/vc_column_text][\/vc_column][\/vc_row][vc_row][vc_column css=&#8221;.vc_custom_1434373312834{margin-bottom: 30px !important;}&#8221;][vc_separator color=&#8221;white&#8221; border_width=&#8221;2&#8243;][\/vc_column][\/vc_row][vc_row][vc_column width=&#8221;1\/2&#8243; reveal_effect=&#8221;fadeInLeft&#8221;][lab_service_box css=&#8221;.vc_custom_1433804829222{margin-right: 10px !important;margin-left: 10px !important;}&#8221;][vc_icon icon_linea=&#8221;icon-basic-laptop&#8221; size=&#8221;xl&#8221; align=&#8221;center&#8221;][lab_service_box_content text_alignment=&#8221;center&#8221; title=&#8221;Internet ja mobiililaitteet&#8221; description=&#8221;Kotisivut ja verkkokaupat, ohjelmistot ja sovellukset, varaus- ja maksuj\u00e4rjestelm\u00e4t&#8221; css=&#8221;.vc_custom_1436729670761{padding-bottom: 30px !important;}&#8221;][\/lab_service_box][\/vc_column][vc_column width=&#8221;1\/2&#8243; reveal_effect=&#8221;fadeInRight&#8221;][lab_service_box css=&#8221;.vc_custom_1433804870998{margin-right: 10px !important;margin-left: 10px !important;}&#8221;][vc_icon icon_linea=&#8221;icon-basic-gear&#8221; size=&#8221;xl&#8221; align=&#8221;center&#8221;][lab_service_box_content text_alignment=&#8221;center&#8221; title=&#8221;Koneet ja mekaniikka&#8221; description=&#8221;Moottoriajoneuvot \u2013 autot, moottoripy\u00f6r\u00e4t ja hy\u00f6tyajoneuvot, ty\u00f6koneet ja hienomekaniikka, asennus- ja k\u00e4ytt\u00f6oppaat&#8221;][\/lab_service_box][\/vc_column][\/vc_row][vc_row css=&#8221;.vc_custom_1436552300591{margin-bottom: 10px !important;}&#8221;][vc_column width=&#8221;1\/2&#8243; reveal_effect=&#8221;fadeInLeft&#8221;][lab_service_box css=&#8221;.vc_custom_1433804585734{margin-right: 10px !important;margin-bottom: 10px !important;margin-left: 10px !important;}&#8221;][vc_icon icon_linea=&#8221;icon-basic-paperplane&#8221; size=&#8221;xl&#8221; align=&#8221;center&#8221;][lab_service_box_content text_alignment=&#8221;center&#8221; title=&#8221;Markkinointi ja kommunikaatio&#8221; description=&#8221;Markkinointi ja mainonta, tuotelokalisaatio, kampanjat ja kyselyt, koulutus ja valmennus&#8221; css=&#8221;.vc_custom_1436729756023{padding-bottom: 30px !important;}&#8221;][\/lab_service_box][\/vc_column][vc_column width=&#8221;1\/2&#8243; reveal_effect=&#8221;fadeInRight&#8221;][lab_service_box css=&#8221;.vc_custom_1433804592718{margin-right: 10px !important;margin-bottom: 10px !important;margin-left: 10px !important;}&#8221;][vc_icon icon_linea=&#8221;icon-basic-bolt&#8221; size=&#8221;xl&#8221; align=&#8221;center&#8221;][lab_service_box_content text_alignment=&#8221;center&#8221; title=&#8221;Elektroniikka&#8221; description=&#8221;Koti- ja teollinen k\u00e4ytt\u00f6, sairaalat ja DMEPOS, turvallisuus ja riskienhallinta&#8221;][\/lab_service_box][\/vc_column][\/vc_row][vc_row][vc_column css=&#8221;.vc_custom_1436551242395{margin-bottom: 10px !important;}&#8221;][vc_separator color=&#8221;white&#8221; border_width=&#8221;2&#8243;][\/vc_column][\/vc_row][vc_row][vc_column][vc_column_text]<\/p>\n<h2>Muut erityisalat<\/h2>\n<p>Minulla on laaja kokemus my\u00f6s seuraavien alojen k\u00e4\u00e4nn\u00f6st\u00f6ist\u00e4: elintarvikkeet ja juomat, kodinkoneet, kulutustavarat, kansainv\u00e4linen politiikka ja kehitysyhteisty\u00f6 (YK, EU), liikunta ja vapaa-aika, logistiikka, materiaalit, metrologia, ortopedia, ravinto, terveys ja hyvinvointi, turismi ja matkailu, vaatetus, valokuvaus, yhteiskunta- ja humanistiset tieteet, ymp\u00e4rist\u00f6&#8230;<\/p>\n<p>\u00c4l\u00e4 silti ep\u00e4r\u00f6i ottaa minuun yhteytt\u00e4, vaikka et l\u00f6yt\u00e4isik\u00e4\u00e4n aihealuettasi edell\u00e4 mainittujen joukosta. Hyv\u00e4ksyn toimeksiantoja ainoastaan sellaisilta aloilta, jotka tunnen riitt\u00e4v\u00e4n hyvin voidakseni tarjota sinulle ensiluokkaisen k\u00e4\u00e4nn\u00f6ksen. Mik\u00e4li tekstisi ei kuulu asiantuntemukseni piiriin, voin mielihyvin suositella sinulle k\u00e4\u00e4nt\u00e4j\u00e4\u00e4 omasta k\u00e4\u00e4nt\u00e4j\u00e4verkostostani.[\/vc_column_text][\/vc_column][\/vc_row]<\/p>\n<\/div>","protected":false},"excerpt":{"rendered":"<p>[vc_row][vc_column][lab_text_autotype 0=&#8221;typed_text=&#8221;&#8221; 1=&#8221;K\u00e4\u00e4nn\u00f6kset&#8221; 2=&#8221;*&#8221; 4=&#8221;englanti\u2013suomi;&#8221; 5=&#8221;saksa\u2013suomi;&#8221; 6=&#8221;ammattitaitoisesti&#8221; 7=&#8221;*&#8221;&#8221; typed_text=&#8221;K\u00e4\u00e4nn\u00f6kset * englanti\u2013suomi; saksa\u2013suomi; ammattitaitoisesti * &#8221; typed_show_options=&#8221;yes&#8221; typed_options_typespeed=&#8221;100&#8243; typed_options_backspeed=&#8221;50&#8243; typed_options_startdelay=&#8221;300&#8243; class=&#8221;&#8221;block&#8221;&#8221;][\/vc_column][\/vc_row][vc_row][vc_column][vc_column_text] Ensiluokkaiset k\u00e4\u00e4nn\u00f6kset englannista ja saksasta suomeen Onko sinulla loistava uusi tuote, idea tai visio, jonka haluat saattaa suomenkielisen kohderyhm\u00e4si tietoon? Kotoistan tuotekuvauksesi ja k\u00e4\u00e4nn\u00e4n markkinointimateriaalisi \u2013 mainokset, esitteet, kuvastot ja lenn\u00e4kit \u2013 sek\u00e4 internetsivusi, verkkokauppasi&hellip;<\/p>\n","protected":false},"author":1,"featured_media":0,"parent":0,"menu_order":0,"comment_status":"open","ping_status":"open","template":"","meta":{"_acf_changed":false,"footnotes":""},"class_list":["post-15","page","type-page","status-publish","hentry"],"acf":[],"_links":{"self":[{"href":"https:\/\/kuhanen-translations.com\/fi\/wp-json\/wp\/v2\/pages\/15","targetHints":{"allow":["GET"]}}],"collection":[{"href":"https:\/\/kuhanen-translations.com\/fi\/wp-json\/wp\/v2\/pages"}],"about":[{"href":"https:\/\/kuhanen-translations.com\/fi\/wp-json\/wp\/v2\/types\/page"}],"author":[{"embeddable":true,"href":"https:\/\/kuhanen-translations.com\/fi\/wp-json\/wp\/v2\/users\/1"}],"replies":[{"embeddable":true,"href":"https:\/\/kuhanen-translations.com\/fi\/wp-json\/wp\/v2\/comments?post=15"}],"version-history":[{"count":20,"href":"https:\/\/kuhanen-translations.com\/fi\/wp-json\/wp\/v2\/pages\/15\/revisions"}],"predecessor-version":[{"id":550,"href":"https:\/\/kuhanen-translations.com\/fi\/wp-json\/wp\/v2\/pages\/15\/revisions\/550"}],"wp:attachment":[{"href":"https:\/\/kuhanen-translations.com\/fi\/wp-json\/wp\/v2\/media?parent=15"}],"curies":[{"name":"wp","href":"https:\/\/api.w.org\/{rel}","templated":true}]}}