{"id":382,"date":"2015-07-09T19:24:02","date_gmt":"2015-07-09T19:24:02","guid":{"rendered":"http:\/\/kuhanen-translations.com\/?page_id=382"},"modified":"2023-10-24T10:35:04","modified_gmt":"2023-10-24T10:35:04","slug":"ota-yhteytta","status":"publish","type":"page","link":"https:\/\/kuhanen-translations.com\/fi\/ota-yhteytta\/","title":{"rendered":"Ota yhteytt\u00e4"},"content":{"rendered":"<div class=\"wpb-content-wrapper\"><p>[vc_row][vc_column][lab_text_autotype typed_text=&#8221;#E-8_JTNDc3BhbiUyMGNsYXNzJTNEJTIyYmxvY2slMjIlM0UlMkElMjBBbW1hdHRpbGFpbmVuJTIwcGFsdmVsdWtzZXNzYXNpJTIwJTJBJTNDJTJGc3BhbiUzRQ==&#8221; typed_show_options=&#8221;yes&#8221; typed_options_typespeed=&#8221;100&#8243; typed_options_backspeed=&#8221;50&#8243; typed_options_startdelay=&#8221;300&#8243;][\/vc_column][\/vc_row][vc_row][vc_column][vc_column_text]<\/p>\n<h1>Ota yhteytt\u00e4<\/h1>\n<p>L\u00e4het\u00e4 viesti alla olevalla kaavakkeella tai s\u00e4hk\u00f6postitse (liit\u00e4th\u00e4n k\u00e4\u00e4nnett\u00e4v\u00e4n tekstin viestiisi) tai soita skypell\u00e4 tai perinteisell\u00e4 puhelimella. Vastaan niin nopeasti kuin mahdollista. Minut tavoittaa helpoiten arkisin kello 9\u201316 (Suomen aikaa).[\/vc_column_text][\/vc_column][\/vc_row][vc_row][vc_column css=&#8221;.vc_custom_1434435084152{margin-bottom: 20px !important;}&#8221;][vc_separator color=&#8221;white&#8221; border_width=&#8221;2&#8243;][\/vc_column][\/vc_row][vc_row][vc_column width=&#8221;1\/3&#8243;][vc_column_text]<\/p>\n<h3>Kuhanen Translations<\/h3>\n<p>Lari Kuhanen<br \/>\nTannenweg 6<br \/>\n22869 Schenefeld<br \/>\nDeutschland[\/vc_column_text][vc_separator color=&#8221;white&#8221; border_width=&#8221;2&#8243;][vc_icon icon_linea=&#8221;icon-basic-smartphone&#8221; el_class=&#8221;float-left&#8221;][vc_column_text]+49 173 152 1251[\/vc_column_text][vc_separator color=&#8221;white&#8221; border_width=&#8221;2&#8243;][vc_icon type=&#8221;fontawesome&#8221; icon_fontawesome=&#8221;fab fa-skype&#8221; el_class=&#8221;float-left&#8221;][vc_column_text]lari_kuhanen[\/vc_column_text][vc_separator color=&#8221;white&#8221; border_width=&#8221;2&#8243;][vc_icon icon_linea=&#8221;icon-basic-mail&#8221; el_class=&#8221;float-left&#8221;][vc_column_text]contact(at)kuhanen-translations.com[\/vc_column_text][vc_separator color=&#8221;white&#8221; border_width=&#8221;2&#8243;][\/vc_column][vc_column width=&#8221;2\/3&#8243;]\n<div class=\"wpcf7 no-js\" id=\"wpcf7-f630-o1\" lang=\"en-US\" dir=\"ltr\" data-wpcf7-id=\"630\">\n<div class=\"screen-reader-response\"><p role=\"status\" aria-live=\"polite\" aria-atomic=\"true\"><\/p> <ul><\/ul><\/div>\n<form action=\"\/fi\/wp-json\/wp\/v2\/pages\/382#wpcf7-f630-o1\" method=\"post\" class=\"wpcf7-form init wpcf7-acceptance-as-validation\" aria-label=\"Contact form\" novalidate=\"novalidate\" data-status=\"init\">\n<fieldset class=\"hidden-fields-container\"><input type=\"hidden\" name=\"_wpcf7\" value=\"630\" \/><input type=\"hidden\" name=\"_wpcf7_version\" value=\"6.1.5\" \/><input type=\"hidden\" name=\"_wpcf7_locale\" value=\"en_US\" \/><input type=\"hidden\" name=\"_wpcf7_unit_tag\" value=\"wpcf7-f630-o1\" \/><input type=\"hidden\" name=\"_wpcf7_container_post\" value=\"0\" \/><input type=\"hidden\" name=\"_wpcf7_posted_data_hash\" value=\"\" \/>\n<\/fieldset>\n<p><label> Nimi: (required)<br \/>\n<span class=\"wpcf7-form-control-wrap\" data-name=\"your-name\"><input size=\"40\" maxlength=\"400\" class=\"wpcf7-form-control wpcf7-text wpcf7-validates-as-required\" aria-required=\"true\" aria-invalid=\"false\" value=\"\" type=\"text\" name=\"your-name\" \/><\/span> <\/label><br \/>\n<span id=\"wpcf7-69d0cb23b4944-wrapper\" class=\"wpcf7-form-control-wrap email-wrap\" ><label for=\"wpcf7-69d0cb23b4944-field\" class=\"hp-message\">Please leave this field empty.<\/label><input id=\"wpcf7-69d0cb23b4944-field\"  class=\"wpcf7-form-control wpcf7-text\" type=\"text\" name=\"email\" value=\"\" size=\"40\" tabindex=\"-1\" autocomplete=\"new-password\" \/><\/span><br \/>\n<label> S\u00e4hk\u00f6posti: (required)<br \/>\n<span class=\"wpcf7-form-control-wrap\" data-name=\"your-email\"><input size=\"40\" maxlength=\"400\" class=\"wpcf7-form-control wpcf7-email wpcf7-validates-as-required wpcf7-text wpcf7-validates-as-email\" aria-required=\"true\" aria-invalid=\"false\" value=\"\" type=\"email\" name=\"your-email\" \/><\/span> <\/label>\n<\/p>\n<p><label> Aihe:<br \/>\n<span class=\"wpcf7-form-control-wrap\" data-name=\"your-subject\"><input size=\"40\" maxlength=\"400\" class=\"wpcf7-form-control wpcf7-text\" aria-invalid=\"false\" value=\"\" type=\"text\" name=\"your-subject\" \/><\/span> <\/label>\n<\/p>\n<p><label> Viesti:<br \/>\n<span class=\"wpcf7-form-control-wrap\" data-name=\"your-message\"><textarea cols=\"40\" rows=\"10\" maxlength=\"2000\" class=\"wpcf7-form-control wpcf7-textarea\" aria-invalid=\"false\" name=\"your-message\"><\/textarea><\/span> <\/label>\n<\/p>\n<p><span class=\"wpcf7-form-control-wrap\" data-name=\"acceptance-230\"><span class=\"wpcf7-form-control wpcf7-acceptance\"><span class=\"wpcf7-list-item\"><label><input type=\"checkbox\" name=\"acceptance-230\" value=\"1\" aria-invalid=\"false\" \/><span class=\"wpcf7-list-item-label\">Hyv\u00e4ksyn lomakkeeseen t\u00e4ytettyjen yhteystietojeni k\u00e4yt\u00f6n, jotta kysymykseeni voidaan vastata. Tiedot h\u00e4vitet\u00e4\u00e4n sen j\u00e4lkeen kun viestiin on vastattu. Huomaa: Voit peruuttaa suostumuksesi milloin tahansa ilmoittamalla siit\u00e4 s\u00e4hk\u00f6postitse osoitteeseen: &#x63;&#x6f;&#x6e;&#116;&#97;&#99;t&#64;&#x6b;&#x75;&#x68;&#x61;&#110;&#101;n-&#x74;&#x72;&#x61;&#x6e;&#115;&#108;at&#x69;&#x6f;&#x6e;&#x73;&#46;&#99;&#111;m.<\/span><\/label><\/span><\/span><\/span>\n<\/p>\n<p><input class=\"wpcf7-form-control wpcf7-submit has-spinner\" type=\"submit\" value=\"Send\" \/>\n<\/p><div class=\"wpcf7-response-output\" aria-hidden=\"true\"><\/div>\n<\/form>\n<\/div>\n[\/vc_column][\/vc_row]<\/p>\n<\/div>","protected":false},"excerpt":{"rendered":"<p>[vc_row][vc_column][lab_text_autotype typed_text=&#8221;#E-8_JTNDc3BhbiUyMGNsYXNzJTNEJTIyYmxvY2slMjIlM0UlMkElMjBBbW1hdHRpbGFpbmVuJTIwcGFsdmVsdWtzZXNzYXNpJTIwJTJBJTNDJTJGc3BhbiUzRQ==&#8221; typed_show_options=&#8221;yes&#8221; typed_options_typespeed=&#8221;100&#8243; typed_options_backspeed=&#8221;50&#8243; typed_options_startdelay=&#8221;300&#8243;][\/vc_column][\/vc_row][vc_row][vc_column][vc_column_text] Ota yhteytt\u00e4 L\u00e4het\u00e4 viesti alla olevalla kaavakkeella tai s\u00e4hk\u00f6postitse (liit\u00e4th\u00e4n k\u00e4\u00e4nnett\u00e4v\u00e4n tekstin viestiisi) tai soita skypell\u00e4 tai perinteisell\u00e4 puhelimella. Vastaan niin nopeasti kuin mahdollista. Minut tavoittaa helpoiten arkisin kello 9\u201316 (Suomen aikaa).[\/vc_column_text][\/vc_column][\/vc_row][vc_row][vc_column css=&#8221;.vc_custom_1434435084152{margin-bottom: 20px !important;}&#8221;][vc_separator color=&#8221;white&#8221; border_width=&#8221;2&#8243;][\/vc_column][\/vc_row][vc_row][vc_column width=&#8221;1\/3&#8243;][vc_column_text] Kuhanen Translations Lari Kuhanen Tannenweg 6 22869 Schenefeld Deutschland[\/vc_column_text][vc_separator color=&#8221;white&#8221; border_width=&#8221;2&#8243;][vc_icon&hellip;<\/p>\n","protected":false},"author":1,"featured_media":0,"parent":0,"menu_order":0,"comment_status":"open","ping_status":"open","template":"","meta":{"_acf_changed":false,"footnotes":""},"class_list":["post-382","page","type-page","status-publish","hentry"],"acf":[],"_links":{"self":[{"href":"https:\/\/kuhanen-translations.com\/fi\/wp-json\/wp\/v2\/pages\/382","targetHints":{"allow":["GET"]}}],"collection":[{"href":"https:\/\/kuhanen-translations.com\/fi\/wp-json\/wp\/v2\/pages"}],"about":[{"href":"https:\/\/kuhanen-translations.com\/fi\/wp-json\/wp\/v2\/types\/page"}],"author":[{"embeddable":true,"href":"https:\/\/kuhanen-translations.com\/fi\/wp-json\/wp\/v2\/users\/1"}],"replies":[{"embeddable":true,"href":"https:\/\/kuhanen-translations.com\/fi\/wp-json\/wp\/v2\/comments?post=382"}],"version-history":[{"count":12,"href":"https:\/\/kuhanen-translations.com\/fi\/wp-json\/wp\/v2\/pages\/382\/revisions"}],"predecessor-version":[{"id":763,"href":"https:\/\/kuhanen-translations.com\/fi\/wp-json\/wp\/v2\/pages\/382\/revisions\/763"}],"wp:attachment":[{"href":"https:\/\/kuhanen-translations.com\/fi\/wp-json\/wp\/v2\/media?parent=382"}],"curies":[{"name":"wp","href":"https:\/\/api.w.org\/{rel}","templated":true}]}}