{"id":384,"date":"2015-07-09T19:25:57","date_gmt":"2015-07-09T19:25:57","guid":{"rendered":"http:\/\/kuhanen-translations.com\/?page_id=384"},"modified":"2018-09-13T08:19:19","modified_gmt":"2018-09-13T08:19:19","slug":"hinnat-ja-toimitus","status":"publish","type":"page","link":"https:\/\/kuhanen-translations.com\/fi\/hinnat-ja-toimitus\/","title":{"rendered":"Hinnat ja toimitus"},"content":{"rendered":"<div class=\"wpb-content-wrapper\"><p>[vc_row][vc_column][lab_text_autotype 1=&#8221;K\u00e4\u00e4nn\u00f6kset&#8221; 2=&#8221;&lt;span&#8221; 3=&#8221;class=&#8221;&#8221;block&#8221;&#8221;&gt;*&#8221; 4=&#8221;englanti\u2013suomi;&#8221; 5=&#8221;saksa\u2013suomi;&#8221; 6=&#8221;ammattitaitoisesti&#8221; 7=&#8221;*&#8221;&#8221; 8=&#8221;typed_text=&#8221;Tarjoan&#8221; 9=&#8221;&lt;span&#8221; 10=&#8221;class=&#8221;&#8221;block&#8221;&#8221;&gt;*laatua;&#8221; 11=&#8221;toimituksen&#8221; 12=&#8221;aikataulussa;&#8221; 13=&#8221;vastinetta&#8221; 14=&#8221;rahoillesi*&#8221;&#8221; typed_text=&#8221;#E-8_VGFyam9hbiUyMCUzQ3NwYW4lMjBjbGFzcyUzRCUyMmJsb2NrJTIyJTNFJTJBbGFhdHVhJTNCJTIwdG9pbWl0dWtzZW4lMjBhaWthdGF1bHVzc2ElM0IlMjB2YXN0aW5ldHRhJTIwcmFob2lsbGVzaSUyQSUzQyUyRnNwYW4lM0U=&#8221;][\/vc_column][\/vc_row][vc_row][vc_column][vc_column_text]<\/p>\n<h1>K\u00e4\u00e4nn\u00f6kset ammattilaiselta kilpailukykyisin hinnoin<\/h1>\n<p>Tarjoan k\u00e4\u00e4nn\u00f6spalveluja kilpailukykyisin ja kohtuullisin hinnoin. Ty\u00f6ni l\u00e4ht\u00f6kohtina ovat aiheen tuntemus, kulttuurienv\u00e4lisen kommunikaation ymm\u00e4rt\u00e4minen ja korkea k\u00e4\u00e4nn\u00f6ksen laatu \u2013 ei nopein toimitus tai halvin hinta.[\/vc_column_text][\/vc_column][\/vc_row][vc_row][vc_column css=&#8221;.vc_custom_1434439757212{margin-bottom: 20px !important;}&#8221;][vc_separator color=&#8221;white&#8221; border_width=&#8221;2&#8243;][\/vc_column][\/vc_row][vc_row][vc_column width=&#8221;1\/2&#8243;][lab_service_box css=&#8221;.vc_custom_1434439697312{margin-top: 25px !important;margin-right: 10px !important;margin-left: 10px !important;}&#8221;][vc_icon icon_linea=&#8221;icon-ecommerce-euro&#8221; size=&#8221;xl&#8221; align=&#8221;center&#8221;][lab_service_box_content text_alignment=&#8221;center&#8221; title=&#8221;Mit\u00e4 se maksaa?&#8221; description=&#8221;K\u00e4\u00e4nn\u00f6ksen hintaan vaikuttavat tekstin aihealue, tyyli, kieliasu, tiedostomuoto ja laajuus. Joskus mainoksen sanaleikin kotoistaminen vie enemm\u00e4n aikaa kuin suoraviivaisen tietolomakkeen k\u00e4\u00e4nt\u00e4minen. Toisaalta taas lyhyen, mutta erikoistuneen teknisen asiakirjan k\u00e4\u00e4nt\u00e4misess\u00e4 aikaa voi kulua pienten, mutta \u00e4\u00e4rimm\u00e4isen t\u00e4rkeiden yksityiskohtien tarkistamiseen. Hinnat lasketaan alkutekstin sanam\u00e4\u00e4r\u00e4n mukaan, ja l\u00e4ht\u00f6hintani on 0,14 \u20ac \/ sana. Projektikohtainen minimilaskutus on 20 \u20ac.&#8221;][\/lab_service_box][\/vc_column][vc_column width=&#8221;1\/2&#8243;][lab_service_box css=&#8221;.vc_custom_1434439705701{margin-top: 25px !important;margin-right: 10px !important;margin-left: 10px !important;}&#8221;][vc_icon icon_linea=&#8221;icon-basic-clessidre&#8221; size=&#8221;xl&#8221; align=&#8221;center&#8221;][lab_service_box_content text_alignment=&#8221;center&#8221; title=&#8221;Kauanko se kest\u00e4\u00e4?&#8221; description=&#8221;Varaan k\u00e4\u00e4nn\u00f6st\u00f6ihin l\u00e4ht\u00f6kohtaisesti yhden ty\u00f6p\u00e4iv\u00e4n alkutekstin 2000 sanaa kohden. Editoinnin ja kielentarkistuksen laskennallinen ty\u00f6m\u00e4\u00e4r\u00e4 on 4000 sanaa p\u00e4iv\u00e4ss\u00e4. (Vertailun vuoksi: t\u00e4m\u00e4 sivu sis\u00e4lt\u00e4\u00e4 noin 220 sanaa.) Ty\u00f6n toimitusaika riippuu varaustilanteestani sek\u00e4 projektisi kiireellisyydest\u00e4. Kiireellisiss\u00e4 tapauksissa perit\u00e4\u00e4n lis\u00e4maksu ylity\u00f6tuntien mukaan. Jos tekstisi laajuus ja aikataulu edellytt\u00e4v\u00e4t useampaa k\u00e4\u00e4nt\u00e4j\u00e4\u00e4, voin koota yhteisty\u00f6kumppaneistani k\u00e4\u00e4nn\u00f6stiimin. T\u00e4llaisissa projekteissa tarkistan koko terminologian ja tyylin yhdenmukaisuuden ja k\u00e4\u00e4nn\u00f6ksen oikeellisuuden ennen valmiin k\u00e4\u00e4nn\u00f6ksen toimittamista.&#8221;][\/lab_service_box][\/vc_column][\/vc_row][vc_row][vc_column][vc_separator color=&#8221;white&#8221; border_width=&#8221;2&#8243;][\/vc_column][\/vc_row][vc_row][vc_column width=&#8221;1\/3&#8243;][vc_column_text]<\/p>\n<h2>Yksil\u00f6lliset hinnat<\/h2>\n<p>L\u00e4het\u00e4 teksti s\u00e4hk\u00f6postin liitetiedostona, niin l\u00e4het\u00e4n sinulle tarjouksen ensi tilassa. Tietojasi ja asiakirjojesi sis\u00e4lt\u00f6\u00e4 k\u00e4sitell\u00e4\u00e4n ehdottoman luottamuksellisesti.\u00a0Kun pyyd\u00e4t tarjousta, ilmoita samalla haluamasi toimitusaika.[\/vc_column_text][lab_button title=&#8221;Pyyd\u00e4 tarjous&#8221; type=&#8221;standard&#8221; link=&#8221;url:http%3A%2F%2Fkuhanen-translations.com%2Ffi%2Fota-yhteytta%2F||&#8221;][\/vc_column][vc_column width=&#8221;2\/3&#8243;][vc_progress_bar values=&#8221;90|asennusohjekirja teolliseen k\u00e4ytt\u00f6\u00f6n,80|turvallisuustietolomake,75|keskiarvo,70|\u00e4lylaitteen k\u00e4ytt\u00f6liittym\u00e4n ohjelmisto,60|yrityksen kirjeenvaihto&#8221; title=&#8221;Hinnoitteluesimerkkej\u00e4&#8221;][\/vc_column][\/vc_row][vc_row][vc_column][vc_separator color=&#8221;white&#8221; border_width=&#8221;2&#8243;][\/vc_column][\/vc_row]<\/p>\n<\/div>","protected":false},"excerpt":{"rendered":"<p>[vc_row][vc_column][lab_text_autotype 1=&#8221;K\u00e4\u00e4nn\u00f6kset&#8221; 2=&#8221;&lt;span&#8221; 3=&#8221;class=&#8221;&#8221;block&#8221;&#8221;&gt;*&#8221; 4=&#8221;englanti\u2013suomi;&#8221; 5=&#8221;saksa\u2013suomi;&#8221; 6=&#8221;ammattitaitoisesti&#8221; 7=&#8221;*&#8221;&#8221; 8=&#8221;typed_text=&#8221;Tarjoan&#8221; 9=&#8221;&lt;span&#8221; 10=&#8221;class=&#8221;&#8221;block&#8221;&#8221;&gt;*laatua;&#8221; 11=&#8221;toimituksen&#8221; 12=&#8221;aikataulussa;&#8221; 13=&#8221;vastinetta&#8221; 14=&#8221;rahoillesi*&#8221;&#8221; typed_text=&#8221;#E-8_VGFyam9hbiUyMCUzQ3NwYW4lMjBjbGFzcyUzRCUyMmJsb2NrJTIyJTNFJTJBbGFhdHVhJTNCJTIwdG9pbWl0dWtzZW4lMjBhaWthdGF1bHVzc2ElM0IlMjB2YXN0aW5ldHRhJTIwcmFob2lsbGVzaSUyQSUzQyUyRnNwYW4lM0U=&#8221;][\/vc_column][\/vc_row][vc_row][vc_column][vc_column_text] K\u00e4\u00e4nn\u00f6kset ammattilaiselta kilpailukykyisin hinnoin Tarjoan k\u00e4\u00e4nn\u00f6spalveluja kilpailukykyisin ja kohtuullisin hinnoin. Ty\u00f6ni l\u00e4ht\u00f6kohtina ovat aiheen tuntemus, kulttuurienv\u00e4lisen kommunikaation ymm\u00e4rt\u00e4minen ja korkea k\u00e4\u00e4nn\u00f6ksen laatu \u2013 ei nopein toimitus tai halvin hinta.[\/vc_column_text][\/vc_column][\/vc_row][vc_row][vc_column css=&#8221;.vc_custom_1434439757212{margin-bottom: 20px !important;}&#8221;][vc_separator color=&#8221;white&#8221; border_width=&#8221;2&#8243;][\/vc_column][\/vc_row][vc_row][vc_column width=&#8221;1\/2&#8243;][lab_service_box css=&#8221;.vc_custom_1434439697312{margin-top: 25px !important;margin-right: 10px&hellip;<\/p>\n","protected":false},"author":1,"featured_media":0,"parent":0,"menu_order":0,"comment_status":"open","ping_status":"open","template":"","meta":{"_acf_changed":false,"footnotes":""},"class_list":["post-384","page","type-page","status-publish","hentry"],"acf":[],"_links":{"self":[{"href":"https:\/\/kuhanen-translations.com\/fi\/wp-json\/wp\/v2\/pages\/384","targetHints":{"allow":["GET"]}}],"collection":[{"href":"https:\/\/kuhanen-translations.com\/fi\/wp-json\/wp\/v2\/pages"}],"about":[{"href":"https:\/\/kuhanen-translations.com\/fi\/wp-json\/wp\/v2\/types\/page"}],"author":[{"embeddable":true,"href":"https:\/\/kuhanen-translations.com\/fi\/wp-json\/wp\/v2\/users\/1"}],"replies":[{"embeddable":true,"href":"https:\/\/kuhanen-translations.com\/fi\/wp-json\/wp\/v2\/comments?post=384"}],"version-history":[{"count":24,"href":"https:\/\/kuhanen-translations.com\/fi\/wp-json\/wp\/v2\/pages\/384\/revisions"}],"predecessor-version":[{"id":683,"href":"https:\/\/kuhanen-translations.com\/fi\/wp-json\/wp\/v2\/pages\/384\/revisions\/683"}],"wp:attachment":[{"href":"https:\/\/kuhanen-translations.com\/fi\/wp-json\/wp\/v2\/media?parent=384"}],"curies":[{"name":"wp","href":"https:\/\/api.w.org\/{rel}","templated":true}]}}